{"id":13196,"date":"2026-01-14T15:15:21","date_gmt":"2026-01-14T21:15:21","guid":{"rendered":"https:\/\/www.abcsupply.ca\/services\/securite-et-conformite\/"},"modified":"2026-01-14T15:15:23","modified_gmt":"2026-01-14T21:15:23","slug":"securite-et-conformite","status":"publish","type":"page","link":"https:\/\/www.abcsupply.ca\/fr-ca\/services\/securite-et-conformite\/","title":{"rendered":"S\u00e9curit\u00e9 et conformit\u00e9"},"content":{"rendered":"\t\t<div data-elementor-type=\"wp-page\" data-elementor-id=\"13196\" class=\"elementor elementor-13196 elementor-68\" data-elementor-post-type=\"page\">\n\t\t\t\t<div class=\"elementor-element elementor-element-a4a7412 e-con-full e-flex e-con e-parent\" data-id=\"a4a7412\" data-element_type=\"container\" data-e-type=\"container\">\n\t\t<div class=\"elementor-element elementor-element-d34d684 e-flex e-con-boxed e-con e-child\" data-id=\"d34d684\" data-element_type=\"container\" data-e-type=\"container\">\n\t\t\t\t\t<div class=\"e-con-inner\">\n\t\t<div class=\"elementor-element elementor-element-9549d3c e-con-full e-flex e-con e-child\" data-id=\"9549d3c\" data-element_type=\"container\" data-e-type=\"container\">\n\t\t\t\t<div class=\"elementor-element elementor-element-1b2d6cee elementor-widget elementor-widget-text-editor\" data-id=\"1b2d6cee\" data-element_type=\"widget\" data-e-type=\"widget\" data-widget_type=\"text-editor.default\">\n\t\t\t\t<div class=\"elementor-widget-container\">\n\t\t\t\t\t\t\t\t\t\n<h2 class=\"wp-block-heading\">Safety First And Always<\/h2>\n\n<p>Since safety is one of your top priorities, we\u2019re committed to preventing accidents, training employees and adhering to all safety protocols. Here\u2019s our take on what it takes to get the job done safely\u2014and right.<\/p>\n\n<ul>\n<li>We believe that all accidents are preventable and that safety is everyone\u2019s responsibility.<\/li>\n\n<li>Associates are trained to perform jobs safely, efficiently and effectively.<\/li>\n\n<li>Safety goes well beyond basic compliance.<\/li>\n\n<li>Encouraging excellence in safety stimulates performance improvements.<\/li>\n\n<li>No job is completed successfully unless it is completed safely.<\/li>\n<\/ul>\n\t\t\t\t\t\t\t\t<\/div>\n\t\t\t\t<\/div>\n\t\t\t\t<\/div>\n\t\t\t\t\t<\/div>\n\t\t\t\t<\/div>\n\t\t\t\t<\/div>\n\t\t<div class=\"elementor-element elementor-element-9827d26 e-con-full e-flex e-con e-parent\" data-id=\"9827d26\" data-element_type=\"container\" data-e-type=\"container\">\n\t\t<div class=\"elementor-element elementor-element-0c4276a e-flex e-con-boxed e-con e-child\" data-id=\"0c4276a\" data-element_type=\"container\" data-e-type=\"container\" data-settings=\"{&quot;background_background&quot;:&quot;classic&quot;}\">\n\t\t\t\t\t<div class=\"e-con-inner\">\n\t\t<div class=\"elementor-element elementor-element-1788af0 e-con-full e-flex e-con e-child\" data-id=\"1788af0\" data-element_type=\"container\" data-e-type=\"container\">\n\t\t<div class=\"elementor-element elementor-element-011b903 e-con-full e-flex e-con e-child\" data-id=\"011b903\" data-element_type=\"container\" data-e-type=\"container\">\n\t\t\t\t<div class=\"elementor-element elementor-element-9b1b5d1 elementor-widget elementor-widget-image\" data-id=\"9b1b5d1\" data-element_type=\"widget\" data-e-type=\"widget\" data-widget_type=\"image.default\">\n\t\t\t\t<div class=\"elementor-widget-container\">\n\t\t\t\t\t\t\t\t\t\t\t\t\t\t\t<img fetchpriority=\"high\" decoding=\"async\" width=\"680\" height=\"680\" src=\"https:\/\/www.abcsupply.ca\/wp-content\/uploads\/2021\/10\/ABC106-073-SAFETY2.jpg\" class=\"attachment-large size-large wp-image-12697\" alt=\"Roofing Installer Next To Orange Cones and Caution Tape\" srcset=\"https:\/\/www.abcsupply.ca\/wp-content\/uploads\/2021\/10\/ABC106-073-SAFETY2.jpg 680w, https:\/\/www.abcsupply.ca\/wp-content\/uploads\/2021\/10\/ABC106-073-SAFETY2-300x300.jpg 300w, https:\/\/www.abcsupply.ca\/wp-content\/uploads\/2021\/10\/ABC106-073-SAFETY2-150x150.jpg 150w, https:\/\/www.abcsupply.ca\/wp-content\/uploads\/2021\/10\/ABC106-073-SAFETY2-360x360.jpg 360w, https:\/\/www.abcsupply.ca\/wp-content\/uploads\/2021\/10\/ABC106-073-SAFETY2-432x432.jpg 432w\" sizes=\"(max-width: 680px) 100vw, 680px\" \/>\t\t\t\t\t\t\t\t\t\t\t\t\t\t\t<\/div>\n\t\t\t\t<\/div>\n\t\t\t\t<\/div>\n\t\t<div class=\"elementor-element elementor-element-e10ff0f e-con-full e-flex e-con e-child\" data-id=\"e10ff0f\" data-element_type=\"container\" data-e-type=\"container\">\n\t\t\t\t<div class=\"elementor-element elementor-element-3041391 elementor-widget elementor-widget-image\" data-id=\"3041391\" data-element_type=\"widget\" data-e-type=\"widget\" data-widget_type=\"image.default\">\n\t\t\t\t<div class=\"elementor-widget-container\">\n\t\t\t\t\t\t\t\t\t\t\t\t\t\t\t<img decoding=\"async\" width=\"252\" height=\"252\" src=\"https:\/\/www.abcsupply.ca\/wp-content\/uploads\/2024\/08\/Safety-and-Compliance-2.jpg\" class=\"attachment-large size-large wp-image-11395\" alt=\"ABC Associate with arms crossed and visibility vest\" srcset=\"https:\/\/www.abcsupply.ca\/wp-content\/uploads\/2024\/08\/Safety-and-Compliance-2.jpg 252w, https:\/\/www.abcsupply.ca\/wp-content\/uploads\/2024\/08\/Safety-and-Compliance-2-150x150.jpg 150w\" sizes=\"(max-width: 252px) 100vw, 252px\" \/>\t\t\t\t\t\t\t\t\t\t\t\t\t\t\t<\/div>\n\t\t\t\t<\/div>\n\t\t\t\t<\/div>\n\t\t<div class=\"elementor-element elementor-element-b9a0774 e-con-full e-flex e-con e-child\" data-id=\"b9a0774\" data-element_type=\"container\" data-e-type=\"container\">\n\t\t\t\t<div class=\"elementor-element elementor-element-91bb441 elementor-widget elementor-widget-image\" data-id=\"91bb441\" data-element_type=\"widget\" data-e-type=\"widget\" data-widget_type=\"image.default\">\n\t\t\t\t<div class=\"elementor-widget-container\">\n\t\t\t\t\t\t\t\t\t\t\t\t\t\t\t<img decoding=\"async\" width=\"683\" height=\"683\" src=\"https:\/\/www.abcsupply.ca\/wp-content\/uploads\/2021\/09\/ABC293-3030-SAFETY03.jpg\" class=\"attachment-large size-large wp-image-12698\" alt=\"Rooftop Delivery with Crane and Contractor with Red Hard Hat\" srcset=\"https:\/\/www.abcsupply.ca\/wp-content\/uploads\/2021\/09\/ABC293-3030-SAFETY03.jpg 683w, https:\/\/www.abcsupply.ca\/wp-content\/uploads\/2021\/09\/ABC293-3030-SAFETY03-300x300.jpg 300w, https:\/\/www.abcsupply.ca\/wp-content\/uploads\/2021\/09\/ABC293-3030-SAFETY03-150x150.jpg 150w, https:\/\/www.abcsupply.ca\/wp-content\/uploads\/2021\/09\/ABC293-3030-SAFETY03-360x360.jpg 360w, https:\/\/www.abcsupply.ca\/wp-content\/uploads\/2021\/09\/ABC293-3030-SAFETY03-432x432.jpg 432w\" sizes=\"(max-width: 683px) 100vw, 683px\" \/>\t\t\t\t\t\t\t\t\t\t\t\t\t\t\t<\/div>\n\t\t\t\t<\/div>\n\t\t\t\t<\/div>\n\t\t\t\t<\/div>\n\t\t\t\t\t<\/div>\n\t\t\t\t<\/div>\n\t\t\t\t<\/div>\n\t\t\t\t<\/div>\n\t\t","protected":false},"excerpt":{"rendered":"<p>Safety First And Always Since safety is one of your top priorities, we\u2019re committed to preventing accidents, training employees and adhering to all safety protocols. [&hellip;]<\/p>\n","protected":false},"author":1,"featured_media":11304,"parent":10716,"menu_order":0,"comment_status":"closed","ping_status":"closed","template":"","meta":{"_acf_changed":false,"inline_featured_image":false,"footnotes":""},"class_list":["post-13196","page","type-page","status-publish","has-post-thumbnail","hentry"],"acf":[],"yoast_head":"<!-- This site is optimized with the Yoast SEO plugin v27.4 - https:\/\/yoast.com\/product\/yoast-seo-wordpress\/ -->\n<title>S\u00e9curit\u00e9 et conformit\u00e9 - ABC Supply<\/title>\n<meta name=\"robots\" content=\"index, follow, max-snippet:-1, max-image-preview:large, max-video-preview:-1\" \/>\n<link rel=\"canonical\" href=\"https:\/\/www.abcsupply.ca\/fr-ca\/services\/securite-et-conformite\/\" \/>\n<meta property=\"og:locale\" content=\"fr_CA\" \/>\n<meta property=\"og:type\" content=\"article\" \/>\n<meta property=\"og:title\" content=\"S\u00e9curit\u00e9 et conformit\u00e9 - ABC Supply\" \/>\n<meta property=\"og:description\" content=\"Safety First And Always Since safety is one of your top priorities, we\u2019re committed to preventing accidents, training employees and adhering to all safety protocols. [&hellip;]\" \/>\n<meta property=\"og:url\" content=\"https:\/\/www.abcsupply.ca\/fr-ca\/services\/securite-et-conformite\/\" \/>\n<meta property=\"og:site_name\" content=\"ABC Supply\" \/>\n<meta property=\"article:modified_time\" content=\"2026-01-14T21:15:23+00:00\" \/>\n<meta property=\"og:image\" content=\"https:\/\/www.abcsupply.ca\/wp-content\/uploads\/2024\/07\/Featured-Image-9-Safety-2.jpg\" \/>\n\t<meta property=\"og:image:width\" content=\"1200\" \/>\n\t<meta property=\"og:image:height\" content=\"383\" \/>\n\t<meta property=\"og:image:type\" content=\"image\/jpeg\" \/>\n<meta name=\"twitter:card\" content=\"summary_large_image\" \/>\n<script type=\"application\/ld+json\" class=\"yoast-schema-graph\">{\"@context\":\"https:\\\/\\\/schema.org\",\"@graph\":[{\"@type\":\"WebPage\",\"@id\":\"https:\\\/\\\/www.abcsupply.ca\\\/fr-ca\\\/services\\\/securite-et-conformite\\\/\",\"url\":\"https:\\\/\\\/www.abcsupply.ca\\\/fr-ca\\\/services\\\/securite-et-conformite\\\/\",\"name\":\"S\u00e9curit\u00e9 et conformit\u00e9 - ABC Supply\",\"isPartOf\":{\"@id\":\"https:\\\/\\\/www.abcsupply.ca\\\/fr-ca\\\/#website\"},\"primaryImageOfPage\":{\"@id\":\"https:\\\/\\\/www.abcsupply.ca\\\/fr-ca\\\/services\\\/securite-et-conformite\\\/#primaryimage\"},\"image\":{\"@id\":\"https:\\\/\\\/www.abcsupply.ca\\\/fr-ca\\\/services\\\/securite-et-conformite\\\/#primaryimage\"},\"thumbnailUrl\":\"https:\\\/\\\/www.abcsupply.ca\\\/wp-content\\\/uploads\\\/2024\\\/07\\\/Featured-Image-9-Safety-2.jpg\",\"datePublished\":\"2026-01-14T21:15:21+00:00\",\"dateModified\":\"2026-01-14T21:15:23+00:00\",\"breadcrumb\":{\"@id\":\"https:\\\/\\\/www.abcsupply.ca\\\/fr-ca\\\/services\\\/securite-et-conformite\\\/#breadcrumb\"},\"inLanguage\":\"fr-CA\",\"potentialAction\":[{\"@type\":\"ReadAction\",\"target\":[\"https:\\\/\\\/www.abcsupply.ca\\\/fr-ca\\\/services\\\/securite-et-conformite\\\/\"]}]},{\"@type\":\"ImageObject\",\"inLanguage\":\"fr-CA\",\"@id\":\"https:\\\/\\\/www.abcsupply.ca\\\/fr-ca\\\/services\\\/securite-et-conformite\\\/#primaryimage\",\"url\":\"https:\\\/\\\/www.abcsupply.ca\\\/wp-content\\\/uploads\\\/2024\\\/07\\\/Featured-Image-9-Safety-2.jpg\",\"contentUrl\":\"https:\\\/\\\/www.abcsupply.ca\\\/wp-content\\\/uploads\\\/2024\\\/07\\\/Featured-Image-9-Safety-2.jpg\",\"width\":1200,\"height\":383,\"caption\":\"Driver checking load and truck\"},{\"@type\":\"BreadcrumbList\",\"@id\":\"https:\\\/\\\/www.abcsupply.ca\\\/fr-ca\\\/services\\\/securite-et-conformite\\\/#breadcrumb\",\"itemListElement\":[{\"@type\":\"ListItem\",\"position\":1,\"name\":\"Home\",\"item\":\"https:\\\/\\\/www.abcsupply.ca\\\/fr-ca\\\/\"},{\"@type\":\"ListItem\",\"position\":2,\"name\":\"Services\",\"item\":\"https:\\\/\\\/www.abcsupply.ca\\\/fr-ca\\\/services\\\/\"},{\"@type\":\"ListItem\",\"position\":3,\"name\":\"S\u00e9curit\u00e9 et conformit\u00e9\"}]},{\"@type\":\"WebSite\",\"@id\":\"https:\\\/\\\/www.abcsupply.ca\\\/fr-ca\\\/#website\",\"url\":\"https:\\\/\\\/www.abcsupply.ca\\\/fr-ca\\\/\",\"name\":\"ABC Supply\",\"description\":\"Built On A Foundation Of Respect\",\"publisher\":{\"@id\":\"https:\\\/\\\/www.abcsupply.ca\\\/fr-ca\\\/#organization\"},\"potentialAction\":[{\"@type\":\"SearchAction\",\"target\":{\"@type\":\"EntryPoint\",\"urlTemplate\":\"https:\\\/\\\/www.abcsupply.ca\\\/fr-ca\\\/?s={search_term_string}\"},\"query-input\":{\"@type\":\"PropertyValueSpecification\",\"valueRequired\":true,\"valueName\":\"search_term_string\"}}],\"inLanguage\":\"fr-CA\"},{\"@type\":\"Organization\",\"@id\":\"https:\\\/\\\/www.abcsupply.ca\\\/fr-ca\\\/#organization\",\"name\":\"ABC Supply\",\"url\":\"https:\\\/\\\/www.abcsupply.ca\\\/fr-ca\\\/\",\"logo\":{\"@type\":\"ImageObject\",\"inLanguage\":\"fr-CA\",\"@id\":\"https:\\\/\\\/www.abcsupply.ca\\\/fr-ca\\\/#\\\/schema\\\/logo\\\/image\\\/\",\"url\":\"https:\\\/\\\/www.abcsupply.ca\\\/wp-content\\\/uploads\\\/2026\\\/03\\\/ABC-CA-Logo-Color.svg\",\"contentUrl\":\"https:\\\/\\\/www.abcsupply.ca\\\/wp-content\\\/uploads\\\/2026\\\/03\\\/ABC-CA-Logo-Color.svg\",\"width\":154,\"height\":72,\"caption\":\"ABC Supply\"},\"image\":{\"@id\":\"https:\\\/\\\/www.abcsupply.ca\\\/fr-ca\\\/#\\\/schema\\\/logo\\\/image\\\/\"}}]}<\/script>\n<!-- \/ Yoast SEO plugin. -->","yoast_head_json":{"title":"S\u00e9curit\u00e9 et conformit\u00e9 - ABC Supply","robots":{"index":"index","follow":"follow","max-snippet":"max-snippet:-1","max-image-preview":"max-image-preview:large","max-video-preview":"max-video-preview:-1"},"canonical":"https:\/\/www.abcsupply.ca\/fr-ca\/services\/securite-et-conformite\/","og_locale":"fr_CA","og_type":"article","og_title":"S\u00e9curit\u00e9 et conformit\u00e9 - ABC Supply","og_description":"Safety First And Always Since safety is one of your top priorities, we\u2019re committed to preventing accidents, training employees and adhering to all safety protocols. [&hellip;]","og_url":"https:\/\/www.abcsupply.ca\/fr-ca\/services\/securite-et-conformite\/","og_site_name":"ABC Supply","article_modified_time":"2026-01-14T21:15:23+00:00","og_image":[{"width":1200,"height":383,"url":"https:\/\/www.abcsupply.ca\/wp-content\/uploads\/2024\/07\/Featured-Image-9-Safety-2.jpg","type":"image\/jpeg"}],"twitter_card":"summary_large_image","schema":{"@context":"https:\/\/schema.org","@graph":[{"@type":"WebPage","@id":"https:\/\/www.abcsupply.ca\/fr-ca\/services\/securite-et-conformite\/","url":"https:\/\/www.abcsupply.ca\/fr-ca\/services\/securite-et-conformite\/","name":"S\u00e9curit\u00e9 et conformit\u00e9 - ABC Supply","isPartOf":{"@id":"https:\/\/www.abcsupply.ca\/fr-ca\/#website"},"primaryImageOfPage":{"@id":"https:\/\/www.abcsupply.ca\/fr-ca\/services\/securite-et-conformite\/#primaryimage"},"image":{"@id":"https:\/\/www.abcsupply.ca\/fr-ca\/services\/securite-et-conformite\/#primaryimage"},"thumbnailUrl":"https:\/\/www.abcsupply.ca\/wp-content\/uploads\/2024\/07\/Featured-Image-9-Safety-2.jpg","datePublished":"2026-01-14T21:15:21+00:00","dateModified":"2026-01-14T21:15:23+00:00","breadcrumb":{"@id":"https:\/\/www.abcsupply.ca\/fr-ca\/services\/securite-et-conformite\/#breadcrumb"},"inLanguage":"fr-CA","potentialAction":[{"@type":"ReadAction","target":["https:\/\/www.abcsupply.ca\/fr-ca\/services\/securite-et-conformite\/"]}]},{"@type":"ImageObject","inLanguage":"fr-CA","@id":"https:\/\/www.abcsupply.ca\/fr-ca\/services\/securite-et-conformite\/#primaryimage","url":"https:\/\/www.abcsupply.ca\/wp-content\/uploads\/2024\/07\/Featured-Image-9-Safety-2.jpg","contentUrl":"https:\/\/www.abcsupply.ca\/wp-content\/uploads\/2024\/07\/Featured-Image-9-Safety-2.jpg","width":1200,"height":383,"caption":"Driver checking load and truck"},{"@type":"BreadcrumbList","@id":"https:\/\/www.abcsupply.ca\/fr-ca\/services\/securite-et-conformite\/#breadcrumb","itemListElement":[{"@type":"ListItem","position":1,"name":"Home","item":"https:\/\/www.abcsupply.ca\/fr-ca\/"},{"@type":"ListItem","position":2,"name":"Services","item":"https:\/\/www.abcsupply.ca\/fr-ca\/services\/"},{"@type":"ListItem","position":3,"name":"S\u00e9curit\u00e9 et conformit\u00e9"}]},{"@type":"WebSite","@id":"https:\/\/www.abcsupply.ca\/fr-ca\/#website","url":"https:\/\/www.abcsupply.ca\/fr-ca\/","name":"ABC Supply","description":"Built On A Foundation Of Respect","publisher":{"@id":"https:\/\/www.abcsupply.ca\/fr-ca\/#organization"},"potentialAction":[{"@type":"SearchAction","target":{"@type":"EntryPoint","urlTemplate":"https:\/\/www.abcsupply.ca\/fr-ca\/?s={search_term_string}"},"query-input":{"@type":"PropertyValueSpecification","valueRequired":true,"valueName":"search_term_string"}}],"inLanguage":"fr-CA"},{"@type":"Organization","@id":"https:\/\/www.abcsupply.ca\/fr-ca\/#organization","name":"ABC Supply","url":"https:\/\/www.abcsupply.ca\/fr-ca\/","logo":{"@type":"ImageObject","inLanguage":"fr-CA","@id":"https:\/\/www.abcsupply.ca\/fr-ca\/#\/schema\/logo\/image\/","url":"https:\/\/www.abcsupply.ca\/wp-content\/uploads\/2026\/03\/ABC-CA-Logo-Color.svg","contentUrl":"https:\/\/www.abcsupply.ca\/wp-content\/uploads\/2026\/03\/ABC-CA-Logo-Color.svg","width":154,"height":72,"caption":"ABC Supply"},"image":{"@id":"https:\/\/www.abcsupply.ca\/fr-ca\/#\/schema\/logo\/image\/"}}]}},"_links":{"self":[{"href":"https:\/\/www.abcsupply.ca\/fr-ca\/wp-json\/wp\/v2\/pages\/13196","targetHints":{"allow":["GET"]}}],"collection":[{"href":"https:\/\/www.abcsupply.ca\/fr-ca\/wp-json\/wp\/v2\/pages"}],"about":[{"href":"https:\/\/www.abcsupply.ca\/fr-ca\/wp-json\/wp\/v2\/types\/page"}],"author":[{"embeddable":true,"href":"https:\/\/www.abcsupply.ca\/fr-ca\/wp-json\/wp\/v2\/users\/1"}],"replies":[{"embeddable":true,"href":"https:\/\/www.abcsupply.ca\/fr-ca\/wp-json\/wp\/v2\/comments?post=13196"}],"version-history":[{"count":0,"href":"https:\/\/www.abcsupply.ca\/fr-ca\/wp-json\/wp\/v2\/pages\/13196\/revisions"}],"up":[{"embeddable":true,"href":"https:\/\/www.abcsupply.ca\/fr-ca\/wp-json\/wp\/v2\/pages\/10716"}],"wp:featuredmedia":[{"embeddable":true,"href":"https:\/\/www.abcsupply.ca\/fr-ca\/wp-json\/wp\/v2\/media\/11304"}],"wp:attachment":[{"href":"https:\/\/www.abcsupply.ca\/fr-ca\/wp-json\/wp\/v2\/media?parent=13196"}],"curies":[{"name":"wp","href":"https:\/\/api.w.org\/{rel}","templated":true}]}}