{"id":10676,"date":"2024-04-24T11:05:47","date_gmt":"2024-04-24T16:05:47","guid":{"rendered":"https:\/\/abcsupply.ca\/produits\/toiture-basse-en-pente\/systemes-de-revetement\/"},"modified":"2026-01-07T12:56:15","modified_gmt":"2026-01-07T18:56:15","slug":"systemes-de-revetement","status":"publish","type":"page","link":"https:\/\/www.abcsupply.ca\/fr-ca\/produits\/toiture-basse-en-pente\/systemes-de-revetement\/","title":{"rendered":"Syst\u00e8mes de rev\u00eatement"},"content":{"rendered":"\n<p>ABC Supply est un distributeur en gros de syst\u00e8mes de rev\u00eatement pour toiture \u00e0 faible pente.<\/p>\n","protected":false},"excerpt":{"rendered":"<p>ABC Supply est un distributeur en gros de syst\u00e8mes de rev\u00eatement pour toiture \u00e0 faible pente.<\/p>\n","protected":false},"author":3,"featured_media":0,"parent":10669,"menu_order":0,"comment_status":"closed","ping_status":"closed","template":"page-manufacturers.php","meta":{"_acf_changed":false,"inline_featured_image":false,"footnotes":""},"class_list":["post-10676","page","type-page","status-publish","hentry"],"acf":[],"yoast_head":"<!-- This site is optimized with the Yoast SEO plugin v27.4 - https:\/\/yoast.com\/product\/yoast-seo-wordpress\/ -->\n<title>Syst\u00e8mes de rev\u00eatement - ABC Supply<\/title>\n<meta name=\"robots\" content=\"index, follow, max-snippet:-1, max-image-preview:large, max-video-preview:-1\" \/>\n<link rel=\"canonical\" href=\"https:\/\/www.abcsupply.ca\/fr-ca\/produits\/toiture-basse-en-pente\/systemes-de-revetement\/\" \/>\n<meta property=\"og:locale\" content=\"fr_CA\" \/>\n<meta property=\"og:type\" content=\"article\" \/>\n<meta property=\"og:title\" content=\"Syst\u00e8mes de rev\u00eatement - ABC Supply\" \/>\n<meta property=\"og:description\" content=\"ABC Supply est un distributeur en gros de syst\u00e8mes de rev\u00eatement pour toiture \u00e0 faible pente.\" \/>\n<meta property=\"og:url\" content=\"https:\/\/www.abcsupply.ca\/fr-ca\/produits\/toiture-basse-en-pente\/systemes-de-revetement\/\" \/>\n<meta property=\"og:site_name\" content=\"ABC Supply\" \/>\n<meta property=\"article:modified_time\" content=\"2026-01-07T18:56:15+00:00\" \/>\n<meta name=\"twitter:card\" content=\"summary_large_image\" \/>\n<meta name=\"twitter:label1\" content=\"Estimation du temps de lecture\" \/>\n\t<meta name=\"twitter:data1\" content=\"1 minute\" \/>\n<script type=\"application\/ld+json\" class=\"yoast-schema-graph\">{\"@context\":\"https:\\\/\\\/schema.org\",\"@graph\":[{\"@type\":\"WebPage\",\"@id\":\"https:\\\/\\\/www.abcsupply.ca\\\/fr-ca\\\/produits\\\/toiture-basse-en-pente\\\/systemes-de-revetement\\\/\",\"url\":\"https:\\\/\\\/www.abcsupply.ca\\\/fr-ca\\\/produits\\\/toiture-basse-en-pente\\\/systemes-de-revetement\\\/\",\"name\":\"Syst\u00e8mes de rev\u00eatement - ABC Supply\",\"isPartOf\":{\"@id\":\"https:\\\/\\\/www.abcsupply.ca\\\/fr-ca\\\/#website\"},\"datePublished\":\"2024-04-24T16:05:47+00:00\",\"dateModified\":\"2026-01-07T18:56:15+00:00\",\"breadcrumb\":{\"@id\":\"https:\\\/\\\/www.abcsupply.ca\\\/fr-ca\\\/produits\\\/toiture-basse-en-pente\\\/systemes-de-revetement\\\/#breadcrumb\"},\"inLanguage\":\"fr-CA\",\"potentialAction\":[{\"@type\":\"ReadAction\",\"target\":[\"https:\\\/\\\/www.abcsupply.ca\\\/fr-ca\\\/produits\\\/toiture-basse-en-pente\\\/systemes-de-revetement\\\/\"]}]},{\"@type\":\"BreadcrumbList\",\"@id\":\"https:\\\/\\\/www.abcsupply.ca\\\/fr-ca\\\/produits\\\/toiture-basse-en-pente\\\/systemes-de-revetement\\\/#breadcrumb\",\"itemListElement\":[{\"@type\":\"ListItem\",\"position\":1,\"name\":\"Home\",\"item\":\"https:\\\/\\\/www.abcsupply.ca\\\/fr-ca\\\/\"},{\"@type\":\"ListItem\",\"position\":2,\"name\":\"Produits\",\"item\":\"https:\\\/\\\/www.abcsupply.ca\\\/fr-ca\\\/produits\\\/\"},{\"@type\":\"ListItem\",\"position\":3,\"name\":\"Toiture basse en pente\",\"item\":\"https:\\\/\\\/www.abcsupply.ca\\\/fr-ca\\\/produits\\\/toiture-basse-en-pente\\\/\"},{\"@type\":\"ListItem\",\"position\":4,\"name\":\"Syst\u00e8mes de rev\u00eatement\"}]},{\"@type\":\"WebSite\",\"@id\":\"https:\\\/\\\/www.abcsupply.ca\\\/fr-ca\\\/#website\",\"url\":\"https:\\\/\\\/www.abcsupply.ca\\\/fr-ca\\\/\",\"name\":\"ABC Supply\",\"description\":\"Built On A Foundation Of Respect\",\"publisher\":{\"@id\":\"https:\\\/\\\/www.abcsupply.ca\\\/fr-ca\\\/#organization\"},\"potentialAction\":[{\"@type\":\"SearchAction\",\"target\":{\"@type\":\"EntryPoint\",\"urlTemplate\":\"https:\\\/\\\/www.abcsupply.ca\\\/fr-ca\\\/?s={search_term_string}\"},\"query-input\":{\"@type\":\"PropertyValueSpecification\",\"valueRequired\":true,\"valueName\":\"search_term_string\"}}],\"inLanguage\":\"fr-CA\"},{\"@type\":\"Organization\",\"@id\":\"https:\\\/\\\/www.abcsupply.ca\\\/fr-ca\\\/#organization\",\"name\":\"ABC Supply\",\"url\":\"https:\\\/\\\/www.abcsupply.ca\\\/fr-ca\\\/\",\"logo\":{\"@type\":\"ImageObject\",\"inLanguage\":\"fr-CA\",\"@id\":\"https:\\\/\\\/www.abcsupply.ca\\\/fr-ca\\\/#\\\/schema\\\/logo\\\/image\\\/\",\"url\":\"https:\\\/\\\/www.abcsupply.ca\\\/wp-content\\\/uploads\\\/2026\\\/03\\\/ABC-CA-Logo-Color.svg\",\"contentUrl\":\"https:\\\/\\\/www.abcsupply.ca\\\/wp-content\\\/uploads\\\/2026\\\/03\\\/ABC-CA-Logo-Color.svg\",\"width\":154,\"height\":72,\"caption\":\"ABC Supply\"},\"image\":{\"@id\":\"https:\\\/\\\/www.abcsupply.ca\\\/fr-ca\\\/#\\\/schema\\\/logo\\\/image\\\/\"}}]}<\/script>\n<!-- \/ Yoast SEO plugin. -->","yoast_head_json":{"title":"Syst\u00e8mes de rev\u00eatement - ABC Supply","robots":{"index":"index","follow":"follow","max-snippet":"max-snippet:-1","max-image-preview":"max-image-preview:large","max-video-preview":"max-video-preview:-1"},"canonical":"https:\/\/www.abcsupply.ca\/fr-ca\/produits\/toiture-basse-en-pente\/systemes-de-revetement\/","og_locale":"fr_CA","og_type":"article","og_title":"Syst\u00e8mes de rev\u00eatement - ABC Supply","og_description":"ABC Supply est un distributeur en gros de syst\u00e8mes de rev\u00eatement pour toiture \u00e0 faible pente.","og_url":"https:\/\/www.abcsupply.ca\/fr-ca\/produits\/toiture-basse-en-pente\/systemes-de-revetement\/","og_site_name":"ABC Supply","article_modified_time":"2026-01-07T18:56:15+00:00","twitter_card":"summary_large_image","twitter_misc":{"Estimation du temps de lecture":"1 minute"},"schema":{"@context":"https:\/\/schema.org","@graph":[{"@type":"WebPage","@id":"https:\/\/www.abcsupply.ca\/fr-ca\/produits\/toiture-basse-en-pente\/systemes-de-revetement\/","url":"https:\/\/www.abcsupply.ca\/fr-ca\/produits\/toiture-basse-en-pente\/systemes-de-revetement\/","name":"Syst\u00e8mes de rev\u00eatement - ABC Supply","isPartOf":{"@id":"https:\/\/www.abcsupply.ca\/fr-ca\/#website"},"datePublished":"2024-04-24T16:05:47+00:00","dateModified":"2026-01-07T18:56:15+00:00","breadcrumb":{"@id":"https:\/\/www.abcsupply.ca\/fr-ca\/produits\/toiture-basse-en-pente\/systemes-de-revetement\/#breadcrumb"},"inLanguage":"fr-CA","potentialAction":[{"@type":"ReadAction","target":["https:\/\/www.abcsupply.ca\/fr-ca\/produits\/toiture-basse-en-pente\/systemes-de-revetement\/"]}]},{"@type":"BreadcrumbList","@id":"https:\/\/www.abcsupply.ca\/fr-ca\/produits\/toiture-basse-en-pente\/systemes-de-revetement\/#breadcrumb","itemListElement":[{"@type":"ListItem","position":1,"name":"Home","item":"https:\/\/www.abcsupply.ca\/fr-ca\/"},{"@type":"ListItem","position":2,"name":"Produits","item":"https:\/\/www.abcsupply.ca\/fr-ca\/produits\/"},{"@type":"ListItem","position":3,"name":"Toiture basse en pente","item":"https:\/\/www.abcsupply.ca\/fr-ca\/produits\/toiture-basse-en-pente\/"},{"@type":"ListItem","position":4,"name":"Syst\u00e8mes de rev\u00eatement"}]},{"@type":"WebSite","@id":"https:\/\/www.abcsupply.ca\/fr-ca\/#website","url":"https:\/\/www.abcsupply.ca\/fr-ca\/","name":"ABC Supply","description":"Built On A Foundation Of Respect","publisher":{"@id":"https:\/\/www.abcsupply.ca\/fr-ca\/#organization"},"potentialAction":[{"@type":"SearchAction","target":{"@type":"EntryPoint","urlTemplate":"https:\/\/www.abcsupply.ca\/fr-ca\/?s={search_term_string}"},"query-input":{"@type":"PropertyValueSpecification","valueRequired":true,"valueName":"search_term_string"}}],"inLanguage":"fr-CA"},{"@type":"Organization","@id":"https:\/\/www.abcsupply.ca\/fr-ca\/#organization","name":"ABC Supply","url":"https:\/\/www.abcsupply.ca\/fr-ca\/","logo":{"@type":"ImageObject","inLanguage":"fr-CA","@id":"https:\/\/www.abcsupply.ca\/fr-ca\/#\/schema\/logo\/image\/","url":"https:\/\/www.abcsupply.ca\/wp-content\/uploads\/2026\/03\/ABC-CA-Logo-Color.svg","contentUrl":"https:\/\/www.abcsupply.ca\/wp-content\/uploads\/2026\/03\/ABC-CA-Logo-Color.svg","width":154,"height":72,"caption":"ABC Supply"},"image":{"@id":"https:\/\/www.abcsupply.ca\/fr-ca\/#\/schema\/logo\/image\/"}}]}},"_links":{"self":[{"href":"https:\/\/www.abcsupply.ca\/fr-ca\/wp-json\/wp\/v2\/pages\/10676","targetHints":{"allow":["GET"]}}],"collection":[{"href":"https:\/\/www.abcsupply.ca\/fr-ca\/wp-json\/wp\/v2\/pages"}],"about":[{"href":"https:\/\/www.abcsupply.ca\/fr-ca\/wp-json\/wp\/v2\/types\/page"}],"author":[{"embeddable":true,"href":"https:\/\/www.abcsupply.ca\/fr-ca\/wp-json\/wp\/v2\/users\/3"}],"replies":[{"embeddable":true,"href":"https:\/\/www.abcsupply.ca\/fr-ca\/wp-json\/wp\/v2\/comments?post=10676"}],"version-history":[{"count":0,"href":"https:\/\/www.abcsupply.ca\/fr-ca\/wp-json\/wp\/v2\/pages\/10676\/revisions"}],"up":[{"embeddable":true,"href":"https:\/\/www.abcsupply.ca\/fr-ca\/wp-json\/wp\/v2\/pages\/10669"}],"wp:attachment":[{"href":"https:\/\/www.abcsupply.ca\/fr-ca\/wp-json\/wp\/v2\/media?parent=10676"}],"curies":[{"name":"wp","href":"https:\/\/api.w.org\/{rel}","templated":true}]}}