{"id":10650,"date":"2021-08-05T15:58:57","date_gmt":"2021-08-05T15:58:57","guid":{"rendered":"https:\/\/abcsupply.ca\/produits\/"},"modified":"2026-01-07T15:17:24","modified_gmt":"2026-01-07T21:17:24","slug":"produits","status":"publish","type":"page","link":"https:\/\/www.abcsupply.ca\/fr-ca\/produits\/","title":{"rendered":"Produits"},"content":{"rendered":"<h2><span lang=\"EN\">Les produits dont vous avez besoin et les marques en qui vous avez confiance<o:p><\/o:p><\/span><\/h2>\n<p>Les entrepreneurs \u00e0 l&#8217;\u00e9chelle nationale sont venus \u00e0 consid\u00e9rer ABC Supply comme leur fournisseur de choix pour les produits de construction ext\u00e9rieurs. En tant que principal fournisseur de produits de construction ext\u00e9rieure et int\u00e9rieure dans le pays, nous sommes parmi les premiers \u00e0 recevoir les derniers produits et d\u00e9tails sur les techniques d&#8217;application les plus r\u00e9centes &#8211; directement des fabricants. Notre pr\u00e9sence nationale nous donne \u00e9galement un pouvoir d&#8217;achat \u00e9norme, en nous assurant que vous recevez toujours une qualit\u00e9 et une valeur sup\u00e9rieures.<\/p>\n<p>Nous offrons un large portefeuille de produits \u00e0 des prix comp\u00e9titifs avec un engagement \u00e0 la satisfaction compl\u00e8te du client, de la s\u00e9lection \u00e0 la commande, la livraison et au-del\u00e0.<\/p>\n","protected":false},"excerpt":{"rendered":"<p>Les produits dont vous avez besoin et les marques en qui vous avez confiance Les entrepreneurs \u00e0 l&#8217;\u00e9chelle nationale sont venus \u00e0 consid\u00e9rer ABC Supply [&hellip;]<\/p>\n","protected":false},"author":1,"featured_media":10651,"parent":0,"menu_order":0,"comment_status":"closed","ping_status":"closed","template":"page-products.php","meta":{"_acf_changed":false,"inline_featured_image":false,"footnotes":""},"class_list":["post-10650","page","type-page","status-publish","has-post-thumbnail","hentry"],"acf":[],"yoast_head":"<!-- This site is optimized with the Yoast SEO plugin v27.4 - https:\/\/yoast.com\/product\/yoast-seo-wordpress\/ -->\n<title>Produits - ABC Supply<\/title>\n<meta name=\"robots\" content=\"index, follow, max-snippet:-1, max-image-preview:large, max-video-preview:-1\" \/>\n<link rel=\"canonical\" href=\"https:\/\/www.abcsupply.ca\/fr-ca\/produits\/\" \/>\n<meta property=\"og:locale\" content=\"fr_CA\" \/>\n<meta property=\"og:type\" content=\"article\" \/>\n<meta property=\"og:title\" content=\"Produits - ABC Supply\" \/>\n<meta property=\"og:description\" content=\"Les produits dont vous avez besoin et les marques en qui vous avez confiance Les entrepreneurs \u00e0 l&#8217;\u00e9chelle nationale sont venus \u00e0 consid\u00e9rer ABC Supply [&hellip;]\" \/>\n<meta property=\"og:url\" content=\"https:\/\/www.abcsupply.ca\/fr-ca\/produits\/\" \/>\n<meta property=\"og:site_name\" content=\"ABC Supply\" \/>\n<meta property=\"article:modified_time\" content=\"2026-01-07T21:17:24+00:00\" \/>\n<meta property=\"og:image\" content=\"https:\/\/www.abcsupply.ca\/wp-content\/uploads\/2021\/11\/featured_products.jpg\" \/>\n\t<meta property=\"og:image:width\" content=\"1440\" \/>\n\t<meta property=\"og:image:height\" content=\"460\" \/>\n\t<meta property=\"og:image:type\" content=\"image\/jpeg\" \/>\n<meta name=\"twitter:card\" content=\"summary_large_image\" \/>\n<meta name=\"twitter:label1\" content=\"Estimation du temps de lecture\" \/>\n\t<meta name=\"twitter:data1\" content=\"3 minutes\" \/>\n<script type=\"application\/ld+json\" class=\"yoast-schema-graph\">{\"@context\":\"https:\\\/\\\/schema.org\",\"@graph\":[{\"@type\":\"WebPage\",\"@id\":\"https:\\\/\\\/www.abcsupply.ca\\\/fr-ca\\\/produits\\\/\",\"url\":\"https:\\\/\\\/www.abcsupply.ca\\\/fr-ca\\\/produits\\\/\",\"name\":\"Produits - ABC Supply\",\"isPartOf\":{\"@id\":\"https:\\\/\\\/www.abcsupply.ca\\\/fr-ca\\\/#website\"},\"primaryImageOfPage\":{\"@id\":\"https:\\\/\\\/www.abcsupply.ca\\\/fr-ca\\\/produits\\\/#primaryimage\"},\"image\":{\"@id\":\"https:\\\/\\\/www.abcsupply.ca\\\/fr-ca\\\/produits\\\/#primaryimage\"},\"thumbnailUrl\":\"https:\\\/\\\/www.abcsupply.ca\\\/wp-content\\\/uploads\\\/2021\\\/11\\\/featured_products.jpg\",\"datePublished\":\"2021-08-05T15:58:57+00:00\",\"dateModified\":\"2026-01-07T21:17:24+00:00\",\"breadcrumb\":{\"@id\":\"https:\\\/\\\/www.abcsupply.ca\\\/fr-ca\\\/produits\\\/#breadcrumb\"},\"inLanguage\":\"fr-CA\",\"potentialAction\":[{\"@type\":\"ReadAction\",\"target\":[\"https:\\\/\\\/www.abcsupply.ca\\\/fr-ca\\\/produits\\\/\"]}]},{\"@type\":\"ImageObject\",\"inLanguage\":\"fr-CA\",\"@id\":\"https:\\\/\\\/www.abcsupply.ca\\\/fr-ca\\\/produits\\\/#primaryimage\",\"url\":\"https:\\\/\\\/www.abcsupply.ca\\\/wp-content\\\/uploads\\\/2021\\\/11\\\/featured_products.jpg\",\"contentUrl\":\"https:\\\/\\\/www.abcsupply.ca\\\/wp-content\\\/uploads\\\/2021\\\/11\\\/featured_products.jpg\",\"width\":1440,\"height\":460},{\"@type\":\"BreadcrumbList\",\"@id\":\"https:\\\/\\\/www.abcsupply.ca\\\/fr-ca\\\/produits\\\/#breadcrumb\",\"itemListElement\":[{\"@type\":\"ListItem\",\"position\":1,\"name\":\"Home\",\"item\":\"https:\\\/\\\/www.abcsupply.ca\\\/fr-ca\\\/\"},{\"@type\":\"ListItem\",\"position\":2,\"name\":\"Produits\"}]},{\"@type\":\"WebSite\",\"@id\":\"https:\\\/\\\/www.abcsupply.ca\\\/fr-ca\\\/#website\",\"url\":\"https:\\\/\\\/www.abcsupply.ca\\\/fr-ca\\\/\",\"name\":\"ABC Supply\",\"description\":\"Built On A Foundation Of Respect\",\"publisher\":{\"@id\":\"https:\\\/\\\/www.abcsupply.ca\\\/fr-ca\\\/#organization\"},\"potentialAction\":[{\"@type\":\"SearchAction\",\"target\":{\"@type\":\"EntryPoint\",\"urlTemplate\":\"https:\\\/\\\/www.abcsupply.ca\\\/fr-ca\\\/?s={search_term_string}\"},\"query-input\":{\"@type\":\"PropertyValueSpecification\",\"valueRequired\":true,\"valueName\":\"search_term_string\"}}],\"inLanguage\":\"fr-CA\"},{\"@type\":\"Organization\",\"@id\":\"https:\\\/\\\/www.abcsupply.ca\\\/fr-ca\\\/#organization\",\"name\":\"ABC Supply\",\"url\":\"https:\\\/\\\/www.abcsupply.ca\\\/fr-ca\\\/\",\"logo\":{\"@type\":\"ImageObject\",\"inLanguage\":\"fr-CA\",\"@id\":\"https:\\\/\\\/www.abcsupply.ca\\\/fr-ca\\\/#\\\/schema\\\/logo\\\/image\\\/\",\"url\":\"https:\\\/\\\/www.abcsupply.ca\\\/wp-content\\\/uploads\\\/2026\\\/03\\\/ABC-CA-Logo-Color.svg\",\"contentUrl\":\"https:\\\/\\\/www.abcsupply.ca\\\/wp-content\\\/uploads\\\/2026\\\/03\\\/ABC-CA-Logo-Color.svg\",\"width\":154,\"height\":72,\"caption\":\"ABC Supply\"},\"image\":{\"@id\":\"https:\\\/\\\/www.abcsupply.ca\\\/fr-ca\\\/#\\\/schema\\\/logo\\\/image\\\/\"}}]}<\/script>\n<!-- \/ Yoast SEO plugin. -->","yoast_head_json":{"title":"Produits - ABC Supply","robots":{"index":"index","follow":"follow","max-snippet":"max-snippet:-1","max-image-preview":"max-image-preview:large","max-video-preview":"max-video-preview:-1"},"canonical":"https:\/\/www.abcsupply.ca\/fr-ca\/produits\/","og_locale":"fr_CA","og_type":"article","og_title":"Produits - ABC Supply","og_description":"Les produits dont vous avez besoin et les marques en qui vous avez confiance Les entrepreneurs \u00e0 l&#8217;\u00e9chelle nationale sont venus \u00e0 consid\u00e9rer ABC Supply [&hellip;]","og_url":"https:\/\/www.abcsupply.ca\/fr-ca\/produits\/","og_site_name":"ABC Supply","article_modified_time":"2026-01-07T21:17:24+00:00","og_image":[{"width":1440,"height":460,"url":"https:\/\/www.abcsupply.ca\/wp-content\/uploads\/2021\/11\/featured_products.jpg","type":"image\/jpeg"}],"twitter_card":"summary_large_image","twitter_misc":{"Estimation du temps de lecture":"3 minutes"},"schema":{"@context":"https:\/\/schema.org","@graph":[{"@type":"WebPage","@id":"https:\/\/www.abcsupply.ca\/fr-ca\/produits\/","url":"https:\/\/www.abcsupply.ca\/fr-ca\/produits\/","name":"Produits - ABC Supply","isPartOf":{"@id":"https:\/\/www.abcsupply.ca\/fr-ca\/#website"},"primaryImageOfPage":{"@id":"https:\/\/www.abcsupply.ca\/fr-ca\/produits\/#primaryimage"},"image":{"@id":"https:\/\/www.abcsupply.ca\/fr-ca\/produits\/#primaryimage"},"thumbnailUrl":"https:\/\/www.abcsupply.ca\/wp-content\/uploads\/2021\/11\/featured_products.jpg","datePublished":"2021-08-05T15:58:57+00:00","dateModified":"2026-01-07T21:17:24+00:00","breadcrumb":{"@id":"https:\/\/www.abcsupply.ca\/fr-ca\/produits\/#breadcrumb"},"inLanguage":"fr-CA","potentialAction":[{"@type":"ReadAction","target":["https:\/\/www.abcsupply.ca\/fr-ca\/produits\/"]}]},{"@type":"ImageObject","inLanguage":"fr-CA","@id":"https:\/\/www.abcsupply.ca\/fr-ca\/produits\/#primaryimage","url":"https:\/\/www.abcsupply.ca\/wp-content\/uploads\/2021\/11\/featured_products.jpg","contentUrl":"https:\/\/www.abcsupply.ca\/wp-content\/uploads\/2021\/11\/featured_products.jpg","width":1440,"height":460},{"@type":"BreadcrumbList","@id":"https:\/\/www.abcsupply.ca\/fr-ca\/produits\/#breadcrumb","itemListElement":[{"@type":"ListItem","position":1,"name":"Home","item":"https:\/\/www.abcsupply.ca\/fr-ca\/"},{"@type":"ListItem","position":2,"name":"Produits"}]},{"@type":"WebSite","@id":"https:\/\/www.abcsupply.ca\/fr-ca\/#website","url":"https:\/\/www.abcsupply.ca\/fr-ca\/","name":"ABC Supply","description":"Built On A Foundation Of Respect","publisher":{"@id":"https:\/\/www.abcsupply.ca\/fr-ca\/#organization"},"potentialAction":[{"@type":"SearchAction","target":{"@type":"EntryPoint","urlTemplate":"https:\/\/www.abcsupply.ca\/fr-ca\/?s={search_term_string}"},"query-input":{"@type":"PropertyValueSpecification","valueRequired":true,"valueName":"search_term_string"}}],"inLanguage":"fr-CA"},{"@type":"Organization","@id":"https:\/\/www.abcsupply.ca\/fr-ca\/#organization","name":"ABC Supply","url":"https:\/\/www.abcsupply.ca\/fr-ca\/","logo":{"@type":"ImageObject","inLanguage":"fr-CA","@id":"https:\/\/www.abcsupply.ca\/fr-ca\/#\/schema\/logo\/image\/","url":"https:\/\/www.abcsupply.ca\/wp-content\/uploads\/2026\/03\/ABC-CA-Logo-Color.svg","contentUrl":"https:\/\/www.abcsupply.ca\/wp-content\/uploads\/2026\/03\/ABC-CA-Logo-Color.svg","width":154,"height":72,"caption":"ABC Supply"},"image":{"@id":"https:\/\/www.abcsupply.ca\/fr-ca\/#\/schema\/logo\/image\/"}}]}},"_links":{"self":[{"href":"https:\/\/www.abcsupply.ca\/fr-ca\/wp-json\/wp\/v2\/pages\/10650","targetHints":{"allow":["GET"]}}],"collection":[{"href":"https:\/\/www.abcsupply.ca\/fr-ca\/wp-json\/wp\/v2\/pages"}],"about":[{"href":"https:\/\/www.abcsupply.ca\/fr-ca\/wp-json\/wp\/v2\/types\/page"}],"author":[{"embeddable":true,"href":"https:\/\/www.abcsupply.ca\/fr-ca\/wp-json\/wp\/v2\/users\/1"}],"replies":[{"embeddable":true,"href":"https:\/\/www.abcsupply.ca\/fr-ca\/wp-json\/wp\/v2\/comments?post=10650"}],"version-history":[{"count":0,"href":"https:\/\/www.abcsupply.ca\/fr-ca\/wp-json\/wp\/v2\/pages\/10650\/revisions"}],"wp:featuredmedia":[{"embeddable":true,"href":"https:\/\/www.abcsupply.ca\/fr-ca\/wp-json\/wp\/v2\/media\/10651"}],"wp:attachment":[{"href":"https:\/\/www.abcsupply.ca\/fr-ca\/wp-json\/wp\/v2\/media?parent=10650"}],"curies":[{"name":"wp","href":"https:\/\/api.w.org\/{rel}","templated":true}]}}